{"id":1157,"date":"2024-05-09T09:23:25","date_gmt":"2024-05-09T08:23:25","guid":{"rendered":"https:\/\/jurahikefly.ch\/?page_id=1157"},"modified":"2024-05-09T09:36:45","modified_gmt":"2024-05-09T08:36:45","slug":"resultats-2024","status":"publish","type":"page","link":"https:\/\/jurahikefly.ch\/index.php\/resultats-2024\/","title":{"rendered":"R\u00e9sultats 2024"},"content":{"rendered":"\n<figure class=\"wp-block-gallery has-nested-images columns-default is-cropped\">\n<figure class=\"wp-block-image size-large\"><img loading=\"lazy\" width=\"1024\" height=\"538\" data-id=\"1162\"  src=\"https:\/\/jurahikefly.ch\/wp-content\/uploads\/2024\/05\/DSC_3016-1024x538.jpg\" alt=\"\" class=\"wp-image-1162\" srcset=\"https:\/\/jurahikefly.ch\/wp-content\/uploads\/2024\/05\/DSC_3016-1024x538.jpg 1024w, https:\/\/jurahikefly.ch\/wp-content\/uploads\/2024\/05\/DSC_3016-300x158.jpg 300w, https:\/\/jurahikefly.ch\/wp-content\/uploads\/2024\/05\/DSC_3016-768x404.jpg 768w, https:\/\/jurahikefly.ch\/wp-content\/uploads\/2024\/05\/DSC_3016-1536x807.jpg 1536w, https:\/\/jurahikefly.ch\/wp-content\/uploads\/2024\/05\/DSC_3016-2048x1076.jpg 2048w\" sizes=\"(max-width: 1024px) 100vw, 1024px\" \/><\/figure>\n<\/figure>\n\n\n\n<ul><li><a href=\"https:\/\/jurahikefly.ch\/wp-content\/uploads\/2024\/05\/Classement-Femme.pdf\" target=\"_blank\" rel=\"noreferrer noopener\">Classement f\u00e9minin<\/a><\/li><li><a href=\"https:\/\/jurahikefly.ch\/wp-content\/uploads\/2024\/05\/Classement-Homme.pdf\" target=\"_blank\" rel=\"noreferrer noopener\">Classement masculin<\/a><\/li><li><a href=\"https:\/\/jurahikefly.ch\/wp-content\/uploads\/2024\/05\/Classement-General.pdf\" target=\"_blank\" rel=\"noreferrer noopener\">Classement g\u00e9n\u00e9ral<\/a><\/li><\/ul>\n\n\n\n<p><\/p>\n","protected":false},"excerpt":{"rendered":"<p>Classement f\u00e9minin Classement masculin Classement g\u00e9n\u00e9ral<\/p>\n","protected":false},"author":2,"featured_media":0,"parent":0,"menu_order":0,"comment_status":"closed","ping_status":"closed","template":"","meta":[],"_links":{"self":[{"href":"https:\/\/jurahikefly.ch\/index.php\/wp-json\/wp\/v2\/pages\/1157"}],"collection":[{"href":"https:\/\/jurahikefly.ch\/index.php\/wp-json\/wp\/v2\/pages"}],"about":[{"href":"https:\/\/jurahikefly.ch\/index.php\/wp-json\/wp\/v2\/types\/page"}],"author":[{"embeddable":true,"href":"https:\/\/jurahikefly.ch\/index.php\/wp-json\/wp\/v2\/users\/2"}],"replies":[{"embeddable":true,"href":"https:\/\/jurahikefly.ch\/index.php\/wp-json\/wp\/v2\/comments?post=1157"}],"version-history":[{"count":2,"href":"https:\/\/jurahikefly.ch\/index.php\/wp-json\/wp\/v2\/pages\/1157\/revisions"}],"predecessor-version":[{"id":1164,"href":"https:\/\/jurahikefly.ch\/index.php\/wp-json\/wp\/v2\/pages\/1157\/revisions\/1164"}],"wp:attachment":[{"href":"https:\/\/jurahikefly.ch\/index.php\/wp-json\/wp\/v2\/media?parent=1157"}],"curies":[{"name":"wp","href":"https:\/\/api.w.org\/{rel}","templated":true}]}}