{"id":178,"date":"2016-02-14T09:40:51","date_gmt":"2016-02-14T08:40:51","guid":{"rendered":"http:\/\/jurahikefly.ch\/?page_id=178"},"modified":"2016-02-14T10:46:26","modified_gmt":"2016-02-14T09:46:26","slug":"resultats-2012","status":"publish","type":"page","link":"https:\/\/jurahikefly.ch\/index.php\/resultats-2012\/","title":{"rendered":"R\u00e9sultats 2012"},"content":{"rendered":"<table>\n<thead>\n<tr>\n<td>Rang<\/td>\n<td>Nom<\/td>\n<td>Points<\/td>\n<\/tr>\n<\/thead>\n<tbody>\n<tr>\n<td>1.<\/td>\n<td>Sylvain Freiholz<\/td>\n<td>1000<\/td>\n<\/tr>\n<tr>\n<td>2.<\/td>\n<td>Christian Court<\/td>\n<td>928<\/td>\n<\/tr>\n<tr>\n<td>3.<\/td>\n<td>Jos\u00e9 Fraga<\/td>\n<td>850<\/td>\n<\/tr>\n<tr>\n<td>4.<\/td>\n<td>Bertrand Chol<\/td>\n<td>824<\/td>\n<\/tr>\n<tr>\n<td>5.<\/td>\n<td>Markus Kohli<\/td>\n<td>685<\/td>\n<\/tr>\n<tr>\n<td>5.<\/td>\n<td>Vincent Tourangin<\/td>\n<td>685<\/td>\n<\/tr>\n<tr>\n<td>7.<\/td>\n<td>Xavier Girin<\/td>\n<td>608<\/td>\n<\/tr>\n<tr>\n<td>7.<\/td>\n<td>J\u00e9r\u00f4me Canaud<\/td>\n<td>608<\/td>\n<\/tr>\n<tr>\n<td>9.<\/td>\n<td>Max Mittmann<\/td>\n<td>582<\/td>\n<\/tr>\n<tr>\n<td>10.<\/td>\n<td>Grabriel Dunkel<\/td>\n<td>571<\/td>\n<\/tr>\n<tr>\n<td>11.<\/td>\n<td>Matteo Portigliatti<\/td>\n<td>556<\/td>\n<\/tr>\n<tr>\n<td>12.<\/td>\n<td>Tobias Fuchs<\/td>\n<td>546<\/td>\n<\/tr>\n<tr>\n<td>13.<\/td>\n<td>Alex Barman<\/td>\n<td>504<\/td>\n<\/tr>\n<tr>\n<td>14.<\/td>\n<td>Marc Delongie<\/td>\n<td>424<\/td>\n<\/tr>\n<tr>\n<td>15.<\/td>\n<td>Pascal Chatanay<\/td>\n<td>307<\/td>\n<\/tr>\n<tr>\n<td>16.<\/td>\n<td>Cl\u00e9ment Reibell<\/td>\n<td>248<\/td>\n<\/tr>\n<tr>\n<td>17.<\/td>\n<td>Yvan Cochard<\/td>\n<td>234<\/td>\n<\/tr>\n<tr>\n<td>18.<\/td>\n<td>Christian Vuilleumier<\/td>\n<td>233<\/td>\n<\/tr>\n<tr>\n<td>19.<\/td>\n<td>Jo\u00ebl Robert-Tissot<\/td>\n<td>187<\/td>\n<\/tr>\n<tr>\n<td>20.<\/td>\n<td>Tony Delebecque<\/td>\n<td>174<\/td>\n<\/tr>\n<\/tbody>\n<\/table>\n","protected":false},"excerpt":{"rendered":"<p>Rang Nom Points 1. Sylvain Freiholz 1000 2. Christian Court 928 3. Jos\u00e9 Fraga 850 4. Bertrand Chol 824 5. Markus Kohli 685 5. Vincent Tourangin 685 7. Xavier Girin 608 7. J\u00e9r\u00f4me Canaud 608 9. Max Mittmann 582 10. Grabriel Dunkel 571 11. Matteo Portigliatti 556 12. Tobias Fuchs 546 13. Alex Barman 504 [&hellip;]<\/p>\n","protected":false},"author":2,"featured_media":0,"parent":0,"menu_order":0,"comment_status":"closed","ping_status":"closed","template":"","meta":[],"_links":{"self":[{"href":"https:\/\/jurahikefly.ch\/index.php\/wp-json\/wp\/v2\/pages\/178"}],"collection":[{"href":"https:\/\/jurahikefly.ch\/index.php\/wp-json\/wp\/v2\/pages"}],"about":[{"href":"https:\/\/jurahikefly.ch\/index.php\/wp-json\/wp\/v2\/types\/page"}],"author":[{"embeddable":true,"href":"https:\/\/jurahikefly.ch\/index.php\/wp-json\/wp\/v2\/users\/2"}],"replies":[{"embeddable":true,"href":"https:\/\/jurahikefly.ch\/index.php\/wp-json\/wp\/v2\/comments?post=178"}],"version-history":[{"count":4,"href":"https:\/\/jurahikefly.ch\/index.php\/wp-json\/wp\/v2\/pages\/178\/revisions"}],"predecessor-version":[{"id":199,"href":"https:\/\/jurahikefly.ch\/index.php\/wp-json\/wp\/v2\/pages\/178\/revisions\/199"}],"wp:attachment":[{"href":"https:\/\/jurahikefly.ch\/index.php\/wp-json\/wp\/v2\/media?parent=178"}],"curies":[{"name":"wp","href":"https:\/\/api.w.org\/{rel}","templated":true}]}}