{"id":185,"date":"2016-02-14T10:02:50","date_gmt":"2016-02-14T09:02:50","guid":{"rendered":"http:\/\/jurahikefly.ch\/?page_id=185"},"modified":"2026-04-09T20:49:38","modified_gmt":"2026-04-09T19:49:38","slug":"resultats","status":"publish","type":"page","link":"https:\/\/jurahikefly.ch\/index.php\/resultats\/","title":{"rendered":"R\u00e9sultats"},"content":{"rendered":"<p><img loading=\"lazy\" class=\"alignnone size-medium wp-image-72\" src=\"http:\/\/jurahikefly.ch\/wp-content\/uploads\/2016\/02\/sponsors.jpg\" alt=\"Sponsors\" width=\"450\" height=\"338\" srcset=\"https:\/\/jurahikefly.ch\/wp-content\/uploads\/2016\/02\/sponsors.jpg 4000w, https:\/\/jurahikefly.ch\/wp-content\/uploads\/2016\/02\/sponsors-300x225.jpg 300w, https:\/\/jurahikefly.ch\/wp-content\/uploads\/2016\/02\/sponsors-768x576.jpg 768w, https:\/\/jurahikefly.ch\/wp-content\/uploads\/2016\/02\/sponsors-1024x768.jpg 1024w\" sizes=\"(max-width: 450px) 100vw, 450px\" \/><\/p>\n<ul>\n<li><a href=\"http:\/\/jurahikefly.ch\/index.php\/resultats-2012\/\">R\u00e9sultats 2012<\/a><\/li>\n<li><a href=\"http:\/\/jurahikefly.ch\/index.php\/resultats-2013\/\">R\u00e9sultats 2013<\/a><\/li>\n<li><a href=\"http:\/\/jurahikefly.ch\/index.php\/resultats-2015\/\">R\u00e9sultats 2015<\/a><\/li>\n<li><a href=\"http:\/\/jurahikefly.ch\/index.php\/resultats-2016\/\">R\u00e9sultats 2016<\/a><\/li>\n<li><a href=\"http:\/\/jurahikefly.ch\/index.php\/resultats-2017\/\">R\u00e9sultats 2017<\/a><\/li>\n<li><a href=\"http:\/\/jurahikefly.ch\/index.php\/resultats-2018\/\">R\u00e9sultats 2018<\/a><\/li>\n<li><a href=\"http:\/\/jurahikefly.ch\/index.php\/resultats-2019\/\">R\u00e9sultats 2019<\/a><\/li>\n<li>R\u00e9sultats 2020<\/li>\n<li><a href=\"https:\/\/jurahikefly.ch\/index.php\/resultats-2021\/\">R\u00e9sultats 2021<\/a><\/li>\n<li><a href=\"https:\/\/jurahikefly.ch\/2022\/Resultats\/JHF2022_R\u00e9sultats_Finaux.pdf\">R\u00e9sultats 2022<\/a><\/li>\n<li><a href=\"https:\/\/jurahikefly.ch\/index.php\/resultats-jura-hike-fly-2023\/\">R\u00e9sultats 2023<\/a><\/li>\n<li><a href=\"https:\/\/jurahikefly.ch\/index.php\/resultats-2024\/\">R\u00e9sultats 2024<\/a><\/li>\n<li><a href=\"https:\/\/jurahikefly.ch\/index.php\/resultats-2025\/\">R\u00e9sultats 2025<\/a><\/li>\n<\/ul>\n\n\n<p><\/p>\n","protected":false},"excerpt":{"rendered":"<p>R\u00e9sultats 2012 R\u00e9sultats 2013 R\u00e9sultats 2015 R\u00e9sultats 2016 R\u00e9sultats 2017 R\u00e9sultats 2018 R\u00e9sultats 2019 R\u00e9sultats 2020 R\u00e9sultats 2021 R\u00e9sultats 2022 R\u00e9sultats 2023 R\u00e9sultats 2024 R\u00e9sultats 2025<\/p>\n","protected":false},"author":2,"featured_media":0,"parent":0,"menu_order":0,"comment_status":"closed","ping_status":"closed","template":"","meta":[],"_links":{"self":[{"href":"https:\/\/jurahikefly.ch\/index.php\/wp-json\/wp\/v2\/pages\/185"}],"collection":[{"href":"https:\/\/jurahikefly.ch\/index.php\/wp-json\/wp\/v2\/pages"}],"about":[{"href":"https:\/\/jurahikefly.ch\/index.php\/wp-json\/wp\/v2\/types\/page"}],"author":[{"embeddable":true,"href":"https:\/\/jurahikefly.ch\/index.php\/wp-json\/wp\/v2\/users\/2"}],"replies":[{"embeddable":true,"href":"https:\/\/jurahikefly.ch\/index.php\/wp-json\/wp\/v2\/comments?post=185"}],"version-history":[{"count":11,"href":"https:\/\/jurahikefly.ch\/index.php\/wp-json\/wp\/v2\/pages\/185\/revisions"}],"predecessor-version":[{"id":1275,"href":"https:\/\/jurahikefly.ch\/index.php\/wp-json\/wp\/v2\/pages\/185\/revisions\/1275"}],"wp:attachment":[{"href":"https:\/\/jurahikefly.ch\/index.php\/wp-json\/wp\/v2\/media?parent=185"}],"curies":[{"name":"wp","href":"https:\/\/api.w.org\/{rel}","templated":true}]}}