{"id":28,"date":"2016-02-01T14:18:05","date_gmt":"2016-02-01T13:18:05","guid":{"rendered":"http:\/\/jurahikefly.ch\/?page_id=28"},"modified":"2026-04-09T21:28:29","modified_gmt":"2026-04-09T20:28:29","slug":"parcours","status":"publish","type":"page","link":"https:\/\/jurahikefly.ch\/index.php\/parcours\/","title":{"rendered":"Parcours"},"content":{"rendered":"\t\t<div data-elementor-type=\"wp-page\" data-elementor-id=\"28\" class=\"elementor elementor-28\">\n\t\t\t\t\t\t\t\t\t<section class=\"elementor-section elementor-top-section elementor-element elementor-element-2309348d elementor-section-boxed elementor-section-height-default elementor-section-height-default\" data-id=\"2309348d\" data-element_type=\"section\">\n\t\t\t\t\t\t<div class=\"elementor-container elementor-column-gap-default\">\n\t\t\t\t\t<div class=\"elementor-column elementor-col-100 elementor-top-column elementor-element elementor-element-361e0c64\" data-id=\"361e0c64\" data-element_type=\"column\">\n\t\t\t<div class=\"elementor-widget-wrap elementor-element-populated\">\n\t\t\t\t\t\t\t\t<div class=\"elementor-element elementor-element-6ae9c141 elementor-widget elementor-widget-text-editor\" data-id=\"6ae9c141\" data-element_type=\"widget\" data-widget_type=\"text-editor.default\">\n\t\t\t\t<div class=\"elementor-widget-container\">\n\t\t\t<style>\/*! elementor - v3.6.5 - 27-04-2022 *\/\n.elementor-widget-text-editor.elementor-drop-cap-view-stacked .elementor-drop-cap{background-color:#818a91;color:#fff}.elementor-widget-text-editor.elementor-drop-cap-view-framed .elementor-drop-cap{color:#818a91;border:3px solid;background-color:transparent}.elementor-widget-text-editor:not(.elementor-drop-cap-view-default) .elementor-drop-cap{margin-top:8px}.elementor-widget-text-editor:not(.elementor-drop-cap-view-default) .elementor-drop-cap-letter{width:1em;height:1em}.elementor-widget-text-editor .elementor-drop-cap{float:left;text-align:center;line-height:1;font-size:50px}.elementor-widget-text-editor .elementor-drop-cap-letter{display:inline-block}<\/style>\t\t\t\t<h3>Edition 2026<\/h3>\n<iframe style=\"width: 100%; height: 400px; border: 0;\" allowfullscreen allow=\"geolocation\" src=\"\/\/umap.openstreetmap.fr\/en\/map\/jhf-cs-2026-waypoints_1389120?scaleControl=false&#038;miniMap=false&#038;scrollWheelZoom=false&#038;zoomControl=true&#038;editMode=disabled&#038;moreControl=true&#038;searchControl=null&#038;tilelayersControl=null&#038;embedControl=null&#038;datalayersControl=true&#038;onLoadPanel=none&#038;captionBar=false&#038;captionMenus=true\"><\/iframe><p><a href=\"\/\/umap.openstreetmap.fr\/en\/map\/jhf-cs-2026-waypoints_1389120?scaleControl=false&#038;miniMap=false&#038;scrollWheelZoom=true&#038;zoomControl=true&#038;editMode=disabled&#038;moreControl=true&#038;searchControl=null&#038;tilelayersControl=null&#038;embedControl=null&#038;datalayersControl=true&#038;onLoadPanel=none&#038;captionBar=false&#038;captionMenus=true\">Voir en plein \u00e9cran<\/a><\/p>\n<p><span style=\"color: inherit; font-family: 'Fjalla One'; font-size: 24px; background-color: inherit;\">Le Jura vaudois, une r\u00e9gion accueillante<\/span><\/p>\n<p>Un cadre magique entour\u00e9 du lac de Neuch\u00e2tel, du Lac L\u00e9man et du lac de Joux. Des pentes peu escarp\u00e9es, des sols herbeux, des sommets d\u00e9garnis, des d\u00e9nivel\u00e9s raisonnables. Le relief du Jura permet \u00e0 une majorit\u00e9 de pilote de voler en toute s\u00e9curit\u00e9. Pas de brise de vall\u00e9e, le foehn n\u2019est que tr\u00e8s peu perceptible, les vents m\u00e9t\u00e9o y sont facilement pr\u00e9visibles.<\/p>\n<h3>Points de passage d\u00e9finis<\/h3>\n<p>Comment int\u00e9resser des pilotes r\u00e9gionaux occasionnels et les meilleurs pilotes du monde\u00a0? Notre solution, deux types de balises\u00a0; des fixes et des optionnelles. Les balises fixes donnent un parcours atteignable par les pilotes qui aime se balader avec leur mat\u00e9riel sur le dos. Les balises optionnelles vont corser les \u00e9tapes afin d\u2019augmenter la difficult\u00e9 et pousser les pilotes \u00e0 faire des choix tactiques et physiques\u2026 Chacun peut alors choisir son niveau d\u2019engagement, le classement final se faisant avec le cumul de points r\u00e9colt\u00e9 par balises.<\/p>\n<p>&nbsp;<\/p>\n<p><!-- wp:paragraph --><\/p>\n<p><!-- \/wp:paragraph --><\/p>\t\t\t\t\t\t<\/div>\n\t\t\t\t<\/div>\n\t\t\t\t\t<\/div>\n\t\t<\/div>\n\t\t\t\t\t\t\t<\/div>\n\t\t<\/section>\n\t\t\t\t\t\t\t<\/div>\n\t\t","protected":false},"excerpt":{"rendered":"<p>Un parcours accessible \u00e0 tous entre la vall\u00e9e de Joux, Le Suchet et Neuch\u00e2tel. Suivez en temps r\u00e9el la progression des comp\u00e9titeurs gr\u00e2ce au \u00ab\u00a0live tracking\u00a0\u00bb !<\/p>\n","protected":false},"author":1,"featured_media":991,"parent":0,"menu_order":0,"comment_status":"closed","ping_status":"closed","template":"","meta":[],"_links":{"self":[{"href":"https:\/\/jurahikefly.ch\/index.php\/wp-json\/wp\/v2\/pages\/28"}],"collection":[{"href":"https:\/\/jurahikefly.ch\/index.php\/wp-json\/wp\/v2\/pages"}],"about":[{"href":"https:\/\/jurahikefly.ch\/index.php\/wp-json\/wp\/v2\/types\/page"}],"author":[{"embeddable":true,"href":"https:\/\/jurahikefly.ch\/index.php\/wp-json\/wp\/v2\/users\/1"}],"replies":[{"embeddable":true,"href":"https:\/\/jurahikefly.ch\/index.php\/wp-json\/wp\/v2\/comments?post=28"}],"version-history":[{"count":57,"href":"https:\/\/jurahikefly.ch\/index.php\/wp-json\/wp\/v2\/pages\/28\/revisions"}],"predecessor-version":[{"id":1294,"href":"https:\/\/jurahikefly.ch\/index.php\/wp-json\/wp\/v2\/pages\/28\/revisions\/1294"}],"wp:featuredmedia":[{"embeddable":true,"href":"https:\/\/jurahikefly.ch\/index.php\/wp-json\/wp\/v2\/media\/991"}],"wp:attachment":[{"href":"https:\/\/jurahikefly.ch\/index.php\/wp-json\/wp\/v2\/media?parent=28"}],"curies":[{"name":"wp","href":"https:\/\/api.w.org\/{rel}","templated":true}]}}