{"id":9,"date":"2016-02-01T10:43:22","date_gmt":"2016-02-01T09:43:22","guid":{"rendered":"http:\/\/jurahikefly.ch\/?page_id=9"},"modified":"2023-05-01T16:04:34","modified_gmt":"2023-05-01T15:04:34","slug":"concept","status":"publish","type":"page","link":"https:\/\/jurahikefly.ch\/index.php\/concept\/","title":{"rendered":"Concept"},"content":{"rendered":"<p><img loading=\"lazy\" class=\"alignnone size-medium wp-image-725\" src=\"https:\/\/jurahikefly.ch\/wp-content\/uploads\/2021\/09\/Participants-2021-300x225.jpg\" alt=\"\" width=\"300\" height=\"225\" srcset=\"https:\/\/jurahikefly.ch\/wp-content\/uploads\/2021\/09\/Participants-2021-300x225.jpg 300w, https:\/\/jurahikefly.ch\/wp-content\/uploads\/2021\/09\/Participants-2021-768x576.jpg 768w, https:\/\/jurahikefly.ch\/wp-content\/uploads\/2021\/09\/Participants-2021-1024x768.jpg 1024w\" sizes=\"(max-width: 300px) 100vw, 300px\" \/><\/p>\n<h3>Jura Hike &amp; Fly<\/h3>\n<p>La Jura Hike &amp; Fly est une comp\u00e9tition de marche et vol accessible et conviviale qui donne \u00e9galement la possibilit\u00e9 aux comp\u00e9titeurs de haut niveau de s\u2019exprimer.<\/p>\n<p>Afin de garantir une organisation et une s\u00e9curit\u00e9 optimale nous limitons le nombre de participants \u00e0 une soixantaine de pilotes.<\/p>\n<p>Nous nous occupons de tout ! c&rsquo;est \u00e0 dire&#8230;<\/p>\n<ul>\n<li>Les repas du soir qui se partagent tous ensemble afin d&rsquo;\u00e9voquer la manche du jour et qui permettent de faire connaissance.<\/li>\n<li>Les h\u00e9bergements des 2 nuits de la course pour bien se reposer ainsi que les petits d\u00e9jeuners suivi d&rsquo;un briefing sur la manche du jour.<\/li>\n<li>Nous nous chargeons \u00e9galement de transporter votre sac de couchage et vos affaires personnelles entre les diff\u00e9rents lieux de la course.<\/li>\n<\/ul>\n<p>De ce fait : pas besoin d\u2019assistant, pas besoin de trouver un endroit pour monter une tente ou de chercher une dortoir, ni de devoir cuisiner ou manger seul au restaurant. <strong>Partageons ces moments<\/strong> !<\/p>\n","protected":false},"excerpt":{"rendered":"<p>Notre mode de comp\u00e9tition avec des \u00e9tapes journali\u00e8res favorise les \u00e9changes entre les participants tous niveaux confondus. Repas du soir, bivouacs et petits d\u00e9jeuners en commun les trois jours.<\/p>\n","protected":false},"author":1,"featured_media":400,"parent":0,"menu_order":0,"comment_status":"closed","ping_status":"closed","template":"","meta":[],"_links":{"self":[{"href":"https:\/\/jurahikefly.ch\/index.php\/wp-json\/wp\/v2\/pages\/9"}],"collection":[{"href":"https:\/\/jurahikefly.ch\/index.php\/wp-json\/wp\/v2\/pages"}],"about":[{"href":"https:\/\/jurahikefly.ch\/index.php\/wp-json\/wp\/v2\/types\/page"}],"author":[{"embeddable":true,"href":"https:\/\/jurahikefly.ch\/index.php\/wp-json\/wp\/v2\/users\/1"}],"replies":[{"embeddable":true,"href":"https:\/\/jurahikefly.ch\/index.php\/wp-json\/wp\/v2\/comments?post=9"}],"version-history":[{"count":44,"href":"https:\/\/jurahikefly.ch\/index.php\/wp-json\/wp\/v2\/pages\/9\/revisions"}],"predecessor-version":[{"id":1002,"href":"https:\/\/jurahikefly.ch\/index.php\/wp-json\/wp\/v2\/pages\/9\/revisions\/1002"}],"wp:featuredmedia":[{"embeddable":true,"href":"https:\/\/jurahikefly.ch\/index.php\/wp-json\/wp\/v2\/media\/400"}],"wp:attachment":[{"href":"https:\/\/jurahikefly.ch\/index.php\/wp-json\/wp\/v2\/media?parent=9"}],"curies":[{"name":"wp","href":"https:\/\/api.w.org\/{rel}","templated":true}]}}